{"id":555,"date":"2025-03-02T20:47:13","date_gmt":"2025-03-02T20:47:13","guid":{"rendered":"https:\/\/move-limoservice.ch\/?page_id=555"},"modified":"2025-08-26T15:07:50","modified_gmt":"2025-08-26T13:07:50","slug":"imprimir","status":"publish","type":"page","link":"https:\/\/move-limoservice.ch\/es\/impressum\/","title":{"rendered":"Pie de imprenta"},"content":{"rendered":"<div data-elementor-type=\"wp-page\" data-elementor-id=\"555\" class=\"elementor elementor-555\" data-elementor-post-type=\"page\">\n\t\t\t\t<div class=\"elementor-element elementor-element-6a4dfa61 e-flex e-con-boxed e-con e-parent\" data-id=\"6a4dfa61\" data-element_type=\"container\" data-e-type=\"container\">\n\t\t\t\t\t<div class=\"e-con-inner\">\n\t\t<div class=\"elementor-element elementor-element-23826096 e-con-full e-flex e-con e-child\" data-id=\"23826096\" data-element_type=\"container\" data-e-type=\"container\" data-settings=\"{&quot;background_background&quot;:&quot;classic&quot;}\">\n\t\t<div class=\"elementor-element elementor-element-1220ef6b e-con-full e-flex e-con e-child\" data-id=\"1220ef6b\" data-element_type=\"container\" data-e-type=\"container\" data-settings=\"{&quot;background_background&quot;:&quot;classic&quot;}\">\n\t\t\t\t<div class=\"elementor-element elementor-element-1c72d66b elementor-invisible elementor-widget elementor-widget-heading\" data-id=\"1c72d66b\" data-element_type=\"widget\" data-e-type=\"widget\" data-settings=\"{&quot;_animation&quot;:&quot;fadeInUp&quot;}\" data-widget_type=\"heading.default\">\n\t\t\t\t<div class=\"elementor-widget-container\">\n\t\t\t\t\t<h1 class=\"elementor-heading-title elementor-size-default\">Pie de imprenta<\/h1>\t\t\t\t<\/div>\n\t\t\t\t<\/div>\n\t\t\t\t<\/div>\n\t\t\t\t<\/div>\n\t\t\t\t\t<\/div>\n\t\t\t\t<\/div>\n\t\t<div class=\"elementor-element elementor-element-f5c5e9b e-flex e-con-boxed e-con e-parent\" data-id=\"f5c5e9b\" data-element_type=\"container\" data-e-type=\"container\">\n\t\t\t\t\t<div class=\"e-con-inner\">\n\t\t\t\t<div class=\"elementor-element elementor-element-56c044d elementor-widget elementor-widget-html\" data-id=\"56c044d\" data-element_type=\"widget\" data-e-type=\"widget\" data-widget_type=\"html.default\">\n\t\t\t\t<div class=\"elementor-widget-container\">\n\t\t\t\t\t<div class=\"content-generator-output\"><b>Autoridad responsable:<\/b><br\/>MOVE DLT GmbH<br\/>Industriestrasse 17 <br\/>4410 Liestal<br\/>Suiza<br\/><strong>correo electr\u00f3nico<\/strong>: info@move-dlt.ch<br\/><br\/><strong>Personas autorizadas a representar a la empresa<\/strong><br\/>Andreas Tschopp<br\/><br\/><br\/><strong>Nombre de la empresa<\/strong>MOVE DLT GmbH<br\/><strong>N\u00famero de registro<\/strong>: CHE-469.953.685<br\/><strong>N\u00famero de identificaci\u00f3n fiscal<\/strong>: CHE-469.953.685 MWST<br\/><br\/><strong>Descargo de responsabilidad<\/strong><br\/>El autor no asume responsabilidad alguna por la correcci\u00f3n, exactitud, actualidad, fiabilidad e integridad de la informaci\u00f3n.<br\/>Quedan excluidas las reclamaciones de responsabilidad contra el autor por da\u00f1os de car\u00e1cter material o inmaterial derivados del acceso a la informaci\u00f3n publicada, de su uso o no uso, del uso indebido de la conexi\u00f3n o de fallos t\u00e9cnicos.<br\/><br\/>Todas las ofertas est\u00e1n sujetas a cambios. El autor se reserva expresamente el derecho a modificar, completar o suprimir partes de las p\u00e1ginas o la oferta completa sin previo aviso, o a suspender la publicaci\u00f3n temporal o definitivamente.<br\/><br\/><strong>Descargo de responsabilidad sobre contenidos y enlaces<\/strong><br\/>Las referencias y enlaces a sitios web de terceros est\u00e1n fuera de nuestro \u00e1mbito de responsabilidad. Se rechaza cualquier responsabilidad sobre dichos sitios web. El acceso a dichos sitios web y su uso corren por cuenta y riesgo del usuario.<br\/><br\/><strong>Declaraci\u00f3n de derechos de autor<\/strong><br\/>Los derechos de autor y todos los dem\u00e1s derechos sobre el contenido, im\u00e1genes, fotos u otros archivos de este sitio web pertenecen exclusivamente a MOVE DLT GmbH o a los titulares de los derechos espec\u00edficamente mencionados. Para la reproducci\u00f3n de cualquier elemento deber\u00e1 obtenerse previamente el consentimiento por escrito del titular de los derechos de autor.<br\/><br\/><strong>Fuente<\/strong>: <a style=\"color:inherit;text-decoration:none;\" href=\"https:\/\/brainbox.swiss\/\" target=\"_blank\" rel=\"noopener\">Soluciones BrainBox<\/a><\/div>\t\t\t\t<\/div>\n\t\t\t\t<\/div>\n\t\t\t\t\t<\/div>\n\t\t\t\t<\/div>\n\t\t\t\t<\/div>","protected":false},"excerpt":{"rendered":"<p>Impressum Verantwortliche Instanz:MOVE DLT GmbHIndustriestrasse 17 4410 LiestalSchweizE-Mail: info@move-dlt.ch Vertretungsberechtigte PersonenAndreas Tschopp Name des Unternehmens: MOVE DLT GmbHRegistrationsnummer: CHE-469.953.685Umsatzsteuer-Identifikationsnummer: CHE-469.953.685 MWST HaftungsausschlussDer Autor \u00fcbernimmt keine Gew\u00e4hr f\u00fcr die Richtigkeit, Genauigkeit, Aktualit\u00e4t, Zuverl\u00e4ssigkeit und Vollst\u00e4ndigkeit der Informationen.Haftungsanspr\u00fcche gegen den Autor wegen Sch\u00e4den materieller oder immaterieller Art, die aus dem Zugriff oder der Nutzung bzw. Nichtnutzung der [&hellip;]<\/p>\n","protected":false},"author":2,"featured_media":0,"parent":0,"menu_order":0,"comment_status":"closed","ping_status":"closed","template":"","meta":{"footnotes":""},"class_list":["post-555","page","type-page","status-publish","hentry"],"_links":{"self":[{"href":"https:\/\/move-limoservice.ch\/es\/wp-json\/wp\/v2\/pages\/555","targetHints":{"allow":["GET"]}}],"collection":[{"href":"https:\/\/move-limoservice.ch\/es\/wp-json\/wp\/v2\/pages"}],"about":[{"href":"https:\/\/move-limoservice.ch\/es\/wp-json\/wp\/v2\/types\/page"}],"author":[{"embeddable":true,"href":"https:\/\/move-limoservice.ch\/es\/wp-json\/wp\/v2\/users\/2"}],"replies":[{"embeddable":true,"href":"https:\/\/move-limoservice.ch\/es\/wp-json\/wp\/v2\/comments?post=555"}],"version-history":[{"count":0,"href":"https:\/\/move-limoservice.ch\/es\/wp-json\/wp\/v2\/pages\/555\/revisions"}],"wp:attachment":[{"href":"https:\/\/move-limoservice.ch\/es\/wp-json\/wp\/v2\/media?parent=555"}],"curies":[{"name":"wp","href":"https:\/\/api.w.org\/{rel}","templated":true}]}}