{"id":555,"date":"2025-03-02T20:47:13","date_gmt":"2025-03-02T20:47:13","guid":{"rendered":"https:\/\/move-limoservice.ch\/?page_id=555"},"modified":"2025-08-26T15:07:50","modified_gmt":"2025-08-26T13:07:50","slug":"imprint","status":"publish","type":"page","link":"https:\/\/move-limoservice.ch\/en\/impressum\/","title":{"rendered":"Imprint"},"content":{"rendered":"<div data-elementor-type=\"wp-page\" data-elementor-id=\"555\" class=\"elementor elementor-555\" data-elementor-post-type=\"page\">\n\t\t\t\t<div class=\"elementor-element elementor-element-6a4dfa61 e-flex e-con-boxed e-con e-parent\" data-id=\"6a4dfa61\" data-element_type=\"container\" data-e-type=\"container\">\n\t\t\t\t\t<div class=\"e-con-inner\">\n\t\t<div class=\"elementor-element elementor-element-23826096 e-con-full e-flex e-con e-child\" data-id=\"23826096\" data-element_type=\"container\" data-e-type=\"container\" data-settings=\"{&quot;background_background&quot;:&quot;classic&quot;}\">\n\t\t<div class=\"elementor-element elementor-element-1220ef6b e-con-full e-flex e-con e-child\" data-id=\"1220ef6b\" data-element_type=\"container\" data-e-type=\"container\" data-settings=\"{&quot;background_background&quot;:&quot;classic&quot;}\">\n\t\t\t\t<div class=\"elementor-element elementor-element-1c72d66b elementor-invisible elementor-widget elementor-widget-heading\" data-id=\"1c72d66b\" data-element_type=\"widget\" data-e-type=\"widget\" data-settings=\"{&quot;_animation&quot;:&quot;fadeInUp&quot;}\" data-widget_type=\"heading.default\">\n\t\t\t\t<div class=\"elementor-widget-container\">\n\t\t\t\t\t<h1 class=\"elementor-heading-title elementor-size-default\">Imprint<\/h1>\t\t\t\t<\/div>\n\t\t\t\t<\/div>\n\t\t\t\t<\/div>\n\t\t\t\t<\/div>\n\t\t\t\t\t<\/div>\n\t\t\t\t<\/div>\n\t\t<div class=\"elementor-element elementor-element-f5c5e9b e-flex e-con-boxed e-con e-parent\" data-id=\"f5c5e9b\" data-element_type=\"container\" data-e-type=\"container\">\n\t\t\t\t\t<div class=\"e-con-inner\">\n\t\t\t\t<div class=\"elementor-element elementor-element-56c044d elementor-widget elementor-widget-html\" data-id=\"56c044d\" data-element_type=\"widget\" data-e-type=\"widget\" data-widget_type=\"html.default\">\n\t\t\t\t<div class=\"elementor-widget-container\">\n\t\t\t\t\t<div class=\"content-generator-output\"><b>Responsible authority:<\/b><br\/>MOVE DLT GmbH<br\/>Industriestrasse 17 <br\/>4410 Liestal<br\/>Switzerland<br\/><strong>e-mail<\/strong>: info@move-dlt.ch<br\/><br\/><strong>Authorized representatives<\/strong><br\/>Andreas Tschopp<br\/><br\/><br\/><strong>Name of the company<\/strong>MOVE DLT GmbH<br\/><strong>Registration number<\/strong>: CHE-469.953.685<br\/><strong>Sales tax identification number<\/strong>: CHE-469.953.685 MWST<br\/><br\/><strong>Disclaimer<\/strong><br\/>The author assumes no liability for the correctness, accuracy, up-to-dateness, reliability and completeness of the information.<br\/>Liability claims against the author for damages of a material or immaterial nature arising from access to or use or non-use of the published information, through misuse of the connection or through technical faults are excluded.<br\/><br\/>All offers are subject to change. The author expressly reserves the right to change, supplement or delete parts of the pages or the entire offer without prior notice or to cease publication temporarily or permanently.<br\/><br\/><strong>Disclaimer for content and links<\/strong><br\/>References and links to third-party websites are outside our area of responsibility. Any responsibility for such websites is rejected. Access to and use of such websites is at the user's own risk.<br\/><br\/><strong>Copyright declaration<\/strong><br\/>The copyright and all other rights to content, images, photos or other files on this website belong exclusively to MOVE DLT GmbH or the specifically named rights holders. The written consent of the copyright holder must be obtained in advance for the reproduction of any elements.<br\/><br\/><strong>Source<\/strong>: <a style=\"color:inherit;text-decoration:none;\" href=\"https:\/\/brainbox.swiss\/\" target=\"_blank\" rel=\"noopener\">BrainBox Solutions<\/a><\/div>\t\t\t\t<\/div>\n\t\t\t\t<\/div>\n\t\t\t\t\t<\/div>\n\t\t\t\t<\/div>\n\t\t\t\t<\/div>","protected":false},"excerpt":{"rendered":"<p>Impressum Verantwortliche Instanz:MOVE DLT GmbHIndustriestrasse 17 4410 LiestalSchweizE-Mail: info@move-dlt.ch Vertretungsberechtigte PersonenAndreas Tschopp Name des Unternehmens: MOVE DLT GmbHRegistrationsnummer: CHE-469.953.685Umsatzsteuer-Identifikationsnummer: CHE-469.953.685 MWST HaftungsausschlussDer Autor \u00fcbernimmt keine Gew\u00e4hr f\u00fcr die Richtigkeit, Genauigkeit, Aktualit\u00e4t, Zuverl\u00e4ssigkeit und Vollst\u00e4ndigkeit der Informationen.Haftungsanspr\u00fcche gegen den Autor wegen Sch\u00e4den materieller oder immaterieller Art, die aus dem Zugriff oder der Nutzung bzw. Nichtnutzung der [&hellip;]<\/p>\n","protected":false},"author":2,"featured_media":0,"parent":0,"menu_order":0,"comment_status":"closed","ping_status":"closed","template":"","meta":{"footnotes":""},"class_list":["post-555","page","type-page","status-publish","hentry"],"_links":{"self":[{"href":"https:\/\/move-limoservice.ch\/en\/wp-json\/wp\/v2\/pages\/555","targetHints":{"allow":["GET"]}}],"collection":[{"href":"https:\/\/move-limoservice.ch\/en\/wp-json\/wp\/v2\/pages"}],"about":[{"href":"https:\/\/move-limoservice.ch\/en\/wp-json\/wp\/v2\/types\/page"}],"author":[{"embeddable":true,"href":"https:\/\/move-limoservice.ch\/en\/wp-json\/wp\/v2\/users\/2"}],"replies":[{"embeddable":true,"href":"https:\/\/move-limoservice.ch\/en\/wp-json\/wp\/v2\/comments?post=555"}],"version-history":[{"count":0,"href":"https:\/\/move-limoservice.ch\/en\/wp-json\/wp\/v2\/pages\/555\/revisions"}],"wp:attachment":[{"href":"https:\/\/move-limoservice.ch\/en\/wp-json\/wp\/v2\/media?parent=555"}],"curies":[{"name":"wp","href":"https:\/\/api.w.org\/{rel}","templated":true}]}}