{"id":555,"date":"2025-03-02T20:47:13","date_gmt":"2025-03-02T20:47:13","guid":{"rendered":"https:\/\/move-limoservice.ch\/?page_id=555"},"modified":"2025-08-26T15:07:50","modified_gmt":"2025-08-26T13:07:50","slug":"impressum","status":"publish","type":"page","link":"https:\/\/move-limoservice.ch\/de\/impressum\/","title":{"rendered":"Impressum"},"content":{"rendered":"<style>.elementor-555 .elementor-element.elementor-element-6a4dfa61{--display:flex;--flex-direction:column;--container-widget-width:100%;--container-widget-height:initial;--container-widget-flex-grow:0;--container-widget-align-self:initial;--flex-wrap-mobile:wrap;--margin-top:0px;--margin-bottom:0px;--margin-left:0px;--margin-right:0px;--padding-top:2em;--padding-bottom:2em;--padding-left:1em;--padding-right:1em;}.elementor-555 .elementor-element.elementor-element-23826096{--display:flex;--align-items:center;--container-widget-width:calc( ( 1 - var( --container-widget-flex-grow ) ) * 100% );--overlay-opacity:0.2;--border-radius:25px 25px 25px 25px;--margin-top:0px;--margin-bottom:0px;--margin-left:0px;--margin-right:0px;--padding-top:4em;--padding-bottom:4em;--padding-left:2em;--padding-right:2em;}.elementor-555 .elementor-element.elementor-element-23826096:not(.elementor-motion-effects-element-type-background), .elementor-555 .elementor-element.elementor-element-23826096 > .elementor-motion-effects-container > .elementor-motion-effects-layer{background-image:url(\"https:\/\/move-limoservice.ch\/wp-content\/uploads\/2025\/02\/v-class-wallpaper_02-1920x640-1.webp\");background-position:center center;background-repeat:no-repeat;background-size:cover;}.elementor-555 .elementor-element.elementor-element-23826096::before, .elementor-555 .elementor-element.elementor-element-23826096 > .elementor-background-video-container::before, .elementor-555 .elementor-element.elementor-element-23826096 > .e-con-inner > .elementor-background-video-container::before, .elementor-555 .elementor-element.elementor-element-23826096 > .elementor-background-slideshow::before, .elementor-555 .elementor-element.elementor-element-23826096 > .e-con-inner > .elementor-background-slideshow::before, .elementor-555 .elementor-element.elementor-element-23826096 > .elementor-motion-effects-container > .elementor-motion-effects-layer::before{--background-overlay:'';background-color:var( --e-global-color-accent );}.elementor-555 .elementor-element.elementor-element-1220ef6b{--display:flex;--align-items:center;--container-widget-width:calc( ( 1 - var( --container-widget-flex-grow ) ) * 100% );--border-radius:25px 25px 25px 25px;--padding-top:2em;--padding-bottom:2em;--padding-left:2em;--padding-right:2em;}.elementor-555 .elementor-element.elementor-element-1220ef6b:not(.elementor-motion-effects-element-type-background), .elementor-555 .elementor-element.elementor-element-1220ef6b > .elementor-motion-effects-container > .elementor-motion-effects-layer{background-color:var( --e-global-color-7871076 );}.elementor-555 .elementor-element.elementor-element-1220ef6b.elementor-element.e-flex::before{content:\"\";width:100%;height:100%;position:absolute;left:0;top:0;-webkit-backdrop-filter:blur(10px);backdrop-filter:blur(10px);border-radius:inherit;background-color:inherit;}.elementor-555 .elementor-element.elementor-element-1c72d66b{text-align:center;}.elementor-555 .elementor-element.elementor-element-1c72d66b .elementor-heading-title{font-family:var( --e-global-typography-81606ea-font-family ), Sans-serif;font-size:var( --e-global-typography-81606ea-font-size );font-weight:var( --e-global-typography-81606ea-font-weight );line-height:var( --e-global-typography-81606ea-line-height );letter-spacing:var( --e-global-typography-81606ea-letter-spacing );word-spacing:var( --e-global-typography-81606ea-word-spacing );}.elementor-555 .elementor-element.elementor-element-f5c5e9b{--display:flex;--flex-direction:column;--container-widget-width:100%;--container-widget-height:initial;--container-widget-flex-grow:0;--container-widget-align-self:initial;--flex-wrap-mobile:wrap;}:root{--page-title-display:none;}@media(max-width:1024px){.elementor-555 .elementor-element.elementor-element-1c72d66b .elementor-heading-title{font-size:var( --e-global-typography-81606ea-font-size );line-height:var( --e-global-typography-81606ea-line-height );letter-spacing:var( --e-global-typography-81606ea-letter-spacing );word-spacing:var( --e-global-typography-81606ea-word-spacing );}}@media(max-width:767px){.elementor-555 .elementor-element.elementor-element-23826096{--padding-top:1em;--padding-bottom:1em;--padding-left:1em;--padding-right:1em;}.elementor-555 .elementor-element.elementor-element-1c72d66b .elementor-heading-title{font-size:var( --e-global-typography-81606ea-font-size );line-height:var( --e-global-typography-81606ea-line-height );letter-spacing:var( --e-global-typography-81606ea-letter-spacing );word-spacing:var( --e-global-typography-81606ea-word-spacing );}}@media(min-width:768px){.elementor-555 .elementor-element.elementor-element-1220ef6b{--width:70%;}}\n\n\n\n\n\n<\/style>\t\t<div data-elementor-type=\"wp-page\" data-elementor-id=\"555\" class=\"elementor elementor-555\" data-elementor-post-type=\"page\">\n\t\t\t\t<div class=\"elementor-element elementor-element-6a4dfa61 e-flex e-con-boxed e-con e-parent\" data-id=\"6a4dfa61\" data-element_type=\"container\" data-e-type=\"container\">\n\t\t\t\t\t<div class=\"e-con-inner\">\n\t\t<div class=\"elementor-element elementor-element-23826096 e-con-full e-flex e-con e-child\" data-id=\"23826096\" data-element_type=\"container\" data-e-type=\"container\" data-settings=\"{&quot;background_background&quot;:&quot;classic&quot;}\">\n\t\t<div class=\"elementor-element elementor-element-1220ef6b e-con-full e-flex e-con e-child\" data-id=\"1220ef6b\" data-element_type=\"container\" data-e-type=\"container\" data-settings=\"{&quot;background_background&quot;:&quot;classic&quot;}\">\n\t\t\t\t<div class=\"elementor-element elementor-element-1c72d66b elementor-invisible elementor-widget elementor-widget-heading\" data-id=\"1c72d66b\" data-element_type=\"widget\" data-e-type=\"widget\" data-settings=\"{&quot;_animation&quot;:&quot;fadeInUp&quot;}\" data-widget_type=\"heading.default\">\n\t\t\t\t<div class=\"elementor-widget-container\">\n\t\t\t\t\t<h1 class=\"elementor-heading-title elementor-size-default\">Impressum<\/h1>\t\t\t\t<\/div>\n\t\t\t\t<\/div>\n\t\t\t\t<\/div>\n\t\t\t\t<\/div>\n\t\t\t\t\t<\/div>\n\t\t\t\t<\/div>\n\t\t<div class=\"elementor-element elementor-element-f5c5e9b e-flex e-con-boxed e-con e-parent\" data-id=\"f5c5e9b\" data-element_type=\"container\" data-e-type=\"container\">\n\t\t\t\t\t<div class=\"e-con-inner\">\n\t\t\t\t<div class=\"elementor-element elementor-element-56c044d elementor-widget elementor-widget-html\" data-id=\"56c044d\" data-element_type=\"widget\" data-e-type=\"widget\" data-widget_type=\"html.default\">\n\t\t\t\t<div class=\"elementor-widget-container\">\n\t\t\t\t\t<div class=\"content-generator-output\"><b>Verantwortliche Instanz:<\/b><br\/>MOVE DLT GmbH<br\/>Industriestrasse 17 <br\/>4410 Liestal<br\/>Schweiz<br\/><strong>E-Mail<\/strong>: info@move-dlt.ch<br\/><br\/><strong>Vertretungsberechtigte Personen<\/strong><br\/>Andreas Tschopp<br\/><br\/><br\/><strong>Name des Unternehmens<\/strong>: MOVE DLT GmbH<br\/><strong>Registrationsnummer<\/strong>: CHE-469.953.685<br\/><strong>Umsatzsteuer-Identifikationsnummer<\/strong>: CHE-469.953.685 MWST<br\/><br\/><strong>Haftungsausschluss<\/strong><br\/>Der Autor \u00fcbernimmt keine Gew\u00e4hr f\u00fcr die Richtigkeit, Genauigkeit, Aktualit\u00e4t, Zuverl\u00e4ssigkeit und Vollst\u00e4ndigkeit der Informationen.<br\/>Haftungsanspr\u00fcche gegen den Autor wegen Sch\u00e4den materieller oder immaterieller Art, die aus dem Zugriff oder der Nutzung bzw. Nichtnutzung der ver\u00f6ffentlichten Informationen, durch Missbrauch der Verbindung oder durch technische St\u00f6rungen entstanden sind, werden ausgeschlossen.<br\/><br\/>Alle Angebote sind freibleibend. Der Autor beh\u00e4lt es sich ausdr\u00fccklich vor, Teile der Seiten oder das gesamte Angebot ohne gesonderte Ank\u00fcndigung zu ver\u00e4ndern, zu erg\u00e4nzen, zu l\u00f6schen oder die Ver\u00f6ffentlichung zeitweise oder endg\u00fcltig einzustellen.<br\/><br\/><strong>Haftungsausschluss f\u00fcr Inhalte und Links<\/strong><br\/>Verweise und Links auf Webseiten Dritter liegen ausserhalb unseres Verantwortungsbereichs. Es wird jegliche Verantwortung f\u00fcr solche Webseiten abgelehnt. Der Zugriff und die Nutzung solcher Webseiten erfolgen auf eigene Gefahr des jeweiligen Nutzers.<br\/><br\/><strong>Urheberrechtserkl\u00e4rung<\/strong><br\/>Die Urheber- und alle anderen Rechte an Inhalten, Bildern, Fotos oder anderen Dateien auf dieser Website, geh\u00f6ren ausschliesslich MOVE DLT GmbH oder den speziell genannten Rechteinhabern. F\u00fcr die Reproduktion jeglicher Elemente ist die schriftliche Zustimmung des Urheberrechtstr\u00e4gers im Voraus einzuholen.<br\/><br\/><strong>Quelle<\/strong>: <a style=\"color:inherit;text-decoration:none;\" href=\"https:\/\/brainbox.swiss\/\" target=\"_blank\" rel=\"noopener\">BrainBox Solutions<\/a><\/div>\t\t\t\t<\/div>\n\t\t\t\t<\/div>\n\t\t\t\t\t<\/div>\n\t\t\t\t<\/div>\n\t\t\t\t<\/div>\n\t\t","protected":false},"excerpt":{"rendered":"<p>Impressum Verantwortliche Instanz:MOVE DLT GmbHIndustriestrasse 17 4410 LiestalSchweizE-Mail: info@move-dlt.ch Vertretungsberechtigte PersonenAndreas Tschopp Name des Unternehmens: MOVE DLT GmbHRegistrationsnummer: CHE-469.953.685Umsatzsteuer-Identifikationsnummer: CHE-469.953.685 MWST HaftungsausschlussDer Autor \u00fcbernimmt keine Gew\u00e4hr f\u00fcr die Richtigkeit, Genauigkeit, Aktualit\u00e4t, Zuverl\u00e4ssigkeit und Vollst\u00e4ndigkeit der Informationen.Haftungsanspr\u00fcche gegen den Autor wegen Sch\u00e4den materieller oder immaterieller Art, die aus dem Zugriff oder der Nutzung bzw. Nichtnutzung der [&hellip;]<\/p>\n","protected":false},"author":2,"featured_media":0,"parent":0,"menu_order":0,"comment_status":"closed","ping_status":"closed","template":"","meta":{"footnotes":""},"class_list":["post-555","page","type-page","status-publish","hentry"],"_links":{"self":[{"href":"https:\/\/move-limoservice.ch\/de\/wp-json\/wp\/v2\/pages\/555","targetHints":{"allow":["GET"]}}],"collection":[{"href":"https:\/\/move-limoservice.ch\/de\/wp-json\/wp\/v2\/pages"}],"about":[{"href":"https:\/\/move-limoservice.ch\/de\/wp-json\/wp\/v2\/types\/page"}],"author":[{"embeddable":true,"href":"https:\/\/move-limoservice.ch\/de\/wp-json\/wp\/v2\/users\/2"}],"replies":[{"embeddable":true,"href":"https:\/\/move-limoservice.ch\/de\/wp-json\/wp\/v2\/comments?post=555"}],"version-history":[{"count":0,"href":"https:\/\/move-limoservice.ch\/de\/wp-json\/wp\/v2\/pages\/555\/revisions"}],"wp:attachment":[{"href":"https:\/\/move-limoservice.ch\/de\/wp-json\/wp\/v2\/media?parent=555"}],"curies":[{"name":"wp","href":"https:\/\/api.w.org\/{rel}","templated":true}]}}